{"id":29609,"date":"2023-09-07T13:43:22","date_gmt":"2023-09-07T10:43:23","guid":{"rendered":"https:\/\/amberlita.lt\/product\/naturalaus-baltijos-gintaro-karoliai-copy-6\/"},"modified":"2025-11-14T11:52:04","modified_gmt":"2025-11-14T11:52:04","slug":"naturalaus-baltijos-gintaro-karoliai-copy-6","status":"publish","type":"product","link":"https:\/\/amberlita.lt\/en\/product\/naturalaus-baltijos-gintaro-karoliai-copy-6\/","title":{"rendered":"Natural Baltic amber necklace"},"content":{"rendered":"","protected":false},"excerpt":{"rendered":"<p><em>Weight &#8211; 34g<\/em><\/p>\n<p><em>Length &#8211; 58 cm<\/em><\/p>\n<p><em>Color &#8211; cognac<\/em><\/p>\n<p><em>Gintaro v\u0117rinys\u00a0 pagamintas i\u0161 pupeli\u0173 formos gintaro karoliuk\u0173, sukurt\u0173 ant nailono si\u016bl\u0173<\/em><\/p>\n<p><em>Tarp kiekvieno gintaro suri\u0161ti mazgeliai<\/em><\/p>\n<p>&nbsp;<\/p>\n<p>&nbsp;<\/p>\n<p>&nbsp;<\/p>\n<p>&nbsp;<\/p>\n","protected":false},"featured_media":29608,"comment_status":"open","ping_status":"closed","template":"","meta":[],"product_brand":[],"product_cat":[1534],"product_tag":[1766,1553,1768],"class_list":{"0":"post-29609","1":"product","2":"type-product","3":"status-publish","4":"has-post-thumbnail","6":"product_cat-necklaces","7":"product_tag-baltijos-gintaro-karoliai","8":"product_tag-gintaro-karoliai","9":"product_tag-naturalaus-baltijos-gintaro-verinys","11":"first","12":"instock","13":"sold-individually","14":"shipping-taxable","15":"purchasable","16":"product-type-simple"},"_links":{"self":[{"href":"https:\/\/amberlita.lt\/en\/wp-json\/wp\/v2\/product\/29609","targetHints":{"allow":["GET"]}}],"collection":[{"href":"https:\/\/amberlita.lt\/en\/wp-json\/wp\/v2\/product"}],"about":[{"href":"https:\/\/amberlita.lt\/en\/wp-json\/wp\/v2\/types\/product"}],"replies":[{"embeddable":true,"href":"https:\/\/amberlita.lt\/en\/wp-json\/wp\/v2\/comments?post=29609"}],"wp:featuredmedia":[{"embeddable":true,"href":"https:\/\/amberlita.lt\/en\/wp-json\/wp\/v2\/media\/29608"}],"wp:attachment":[{"href":"https:\/\/amberlita.lt\/en\/wp-json\/wp\/v2\/media?parent=29609"}],"wp:term":[{"taxonomy":"product_brand","embeddable":true,"href":"https:\/\/amberlita.lt\/en\/wp-json\/wp\/v2\/product_brand?post=29609"},{"taxonomy":"product_cat","embeddable":true,"href":"https:\/\/amberlita.lt\/en\/wp-json\/wp\/v2\/product_cat?post=29609"},{"taxonomy":"product_tag","embeddable":true,"href":"https:\/\/amberlita.lt\/en\/wp-json\/wp\/v2\/product_tag?post=29609"}],"curies":[{"name":"wp","href":"https:\/\/api.w.org\/{rel}","templated":true}]}}