{"id":29819,"date":"2024-01-31T15:10:55","date_gmt":"2024-01-31T13:10:55","guid":{"rendered":"https:\/\/amberlita.lt\/product\/gintaro-suveniras-lietuvos-zemelapis-su-valstybes-herbas-copy\/"},"modified":"2025-11-21T21:18:12","modified_gmt":"2025-11-21T21:18:12","slug":"gintaro-suveniras-lietuvos-zemelapis-su-valstybes-herbas-copy","status":"publish","type":"product","link":"https:\/\/amberlita.lt\/en\/product\/gintaro-suveniras-lietuvos-zemelapis-su-valstybes-herbas-copy\/","title":{"rendered":"Gintaro suveniras Lietuvos \u017eem\u0117lapis su valstyb\u0117s herbas"},"content":{"rendered":"","protected":false},"excerpt":{"rendered":"<p><em>Amber souvenir Lithuanian map with &#8220;Vytis&#8221;<\/em><\/p>\n<p><em>Size of map -5.5 *4 cm<\/em><\/p>\n<p><em>Size of map &#8211; 10 cm*10 cm<\/em><\/p>\n<p>&nbsp;<\/p>\n","protected":false},"featured_media":29820,"comment_status":"closed","ping_status":"closed","template":"","meta":[],"product_brand":[],"product_cat":[1542,1540],"product_tag":[1640,1641,1602],"class_list":{"0":"post-29819","1":"product","2":"type-product","3":"status-publish","4":"has-post-thumbnail","6":"product_cat-for-men","7":"product_cat-souvenirs-and-gifts","8":"product_tag-suveniras-su-valstybes-herbas","9":"product_tag-suveniras-su-valstybes-simbolis","10":"product_tag-vytis-en","12":"first","13":"instock","14":"sold-individually","15":"shipping-taxable","16":"purchasable","17":"product-type-simple"},"_links":{"self":[{"href":"https:\/\/amberlita.lt\/en\/wp-json\/wp\/v2\/product\/29819","targetHints":{"allow":["GET"]}}],"collection":[{"href":"https:\/\/amberlita.lt\/en\/wp-json\/wp\/v2\/product"}],"about":[{"href":"https:\/\/amberlita.lt\/en\/wp-json\/wp\/v2\/types\/product"}],"replies":[{"embeddable":true,"href":"https:\/\/amberlita.lt\/en\/wp-json\/wp\/v2\/comments?post=29819"}],"wp:featuredmedia":[{"embeddable":true,"href":"https:\/\/amberlita.lt\/en\/wp-json\/wp\/v2\/media\/29820"}],"wp:attachment":[{"href":"https:\/\/amberlita.lt\/en\/wp-json\/wp\/v2\/media?parent=29819"}],"wp:term":[{"taxonomy":"product_brand","embeddable":true,"href":"https:\/\/amberlita.lt\/en\/wp-json\/wp\/v2\/product_brand?post=29819"},{"taxonomy":"product_cat","embeddable":true,"href":"https:\/\/amberlita.lt\/en\/wp-json\/wp\/v2\/product_cat?post=29819"},{"taxonomy":"product_tag","embeddable":true,"href":"https:\/\/amberlita.lt\/en\/wp-json\/wp\/v2\/product_tag?post=29819"}],"curies":[{"name":"wp","href":"https:\/\/api.w.org\/{rel}","templated":true}]}}