{"id":29947,"date":"2023-09-25T15:38:45","date_gmt":"2023-09-25T12:38:46","guid":{"rendered":"https:\/\/amberlita.lt\/product\/gintaro-figurele-ruonis-copy\/"},"modified":"2023-09-25T15:38:45","modified_gmt":"2023-09-25T12:38:46","slug":"gintaro-figurele-ruonis-copy","status":"publish","type":"product","link":"https:\/\/amberlita.lt\/en\/product\/gintaro-figurele-ruonis-copy\/","title":{"rendered":"Gintaro fig\u016br\u0117l\u0117 &#8220;Ruonis&#8221;"},"content":{"rendered":"","protected":false},"excerpt":{"rendered":"<p><em> <span class=\"jCAhz ChMk0b\"><span class=\"ryNqvb\">Svoris- 4,6 g<\/span><\/span><\/em><\/p>\n<p><em> <span class=\"jCAhz ChMk0b\"><span class=\"ryNqvb\">Ilgis &#8211; 4 cm<\/span><\/span><\/em><\/p>\n<p><em> <span class=\"jCAhz ChMk0b\"><span class=\"ryNqvb\">Auk\u0161tis &#8211; 1.8 cm<\/span><\/span> <\/em><\/p>\n<p><em><span class=\"jCAhz ChMk0b\"><span class=\"ryNqvb\">Fig\u016bra i\u0161rai\u017eyta rankomis i\u0161 nat\u016bralaus Baltijos gintaro<\/span><\/span> <\/em><\/p>\n<p><em><span class=\"jCAhz ChMk0b\"><span class=\"ryNqvb\">Nuostabi dovana!<\/span><\/span><\/em><\/p>\n","protected":false},"featured_media":29948,"comment_status":"open","ping_status":"closed","template":"","meta":[],"product_brand":[],"product_cat":[1532],"product_tag":[1811,1812],"class_list":{"0":"post-29947","1":"product","2":"type-product","3":"status-publish","4":"has-post-thumbnail","6":"product_cat-amber-figures","7":"product_tag-figurele-ruonis","8":"product_tag-gintaro-ruonis","10":"first","11":"instock","12":"sold-individually","13":"shipping-taxable","14":"purchasable","15":"product-type-simple"},"_links":{"self":[{"href":"https:\/\/amberlita.lt\/en\/wp-json\/wp\/v2\/product\/29947","targetHints":{"allow":["GET"]}}],"collection":[{"href":"https:\/\/amberlita.lt\/en\/wp-json\/wp\/v2\/product"}],"about":[{"href":"https:\/\/amberlita.lt\/en\/wp-json\/wp\/v2\/types\/product"}],"replies":[{"embeddable":true,"href":"https:\/\/amberlita.lt\/en\/wp-json\/wp\/v2\/comments?post=29947"}],"wp:featuredmedia":[{"embeddable":true,"href":"https:\/\/amberlita.lt\/en\/wp-json\/wp\/v2\/media\/29948"}],"wp:attachment":[{"href":"https:\/\/amberlita.lt\/en\/wp-json\/wp\/v2\/media?parent=29947"}],"wp:term":[{"taxonomy":"product_brand","embeddable":true,"href":"https:\/\/amberlita.lt\/en\/wp-json\/wp\/v2\/product_brand?post=29947"},{"taxonomy":"product_cat","embeddable":true,"href":"https:\/\/amberlita.lt\/en\/wp-json\/wp\/v2\/product_cat?post=29947"},{"taxonomy":"product_tag","embeddable":true,"href":"https:\/\/amberlita.lt\/en\/wp-json\/wp\/v2\/product_tag?post=29947"}],"curies":[{"name":"wp","href":"https:\/\/api.w.org\/{rel}","templated":true}]}}