{"id":30024,"date":"2022-11-11T15:47:42","date_gmt":"2022-11-11T14:49:08","guid":{"rendered":"https:\/\/amberlita.lt\/product\/gintaro-muilas-su-triusio-pakabuku-viduje\/"},"modified":"2022-11-11T15:47:42","modified_gmt":"2022-11-11T14:49:08","slug":"gintaro-muilas-su-triusio-pakabuku-viduje","status":"publish","type":"product","link":"https:\/\/amberlita.lt\/en\/product\/gintaro-muilas-su-triusio-pakabuku-viduje\/","title":{"rendered":"Gintaro muilas su nat\u016bralaus gintaro gabaleliais"},"content":{"rendered":"","protected":false},"excerpt":{"rendered":"<p><em>I\u0161bandykite m\u016bs\u0173 nuostab\u0173 muil\u0105 i\u0161 nat\u016brali\u0173 ingredient\u0173 su<strong> nat\u016bralaus gintaro gabal\u0117liais puikioje pakuot\u0117je !<\/strong><\/em><\/p>\n<p><em>Muilo sud\u0117tis &#8211; muilo baz\u0117 bei gintaro aliejus ir r\u016bg\u0161tis. \u0160is muilas gerai valo ir dr\u0117kina od\u0105<\/em><\/p>\n<p><i>Dydis-5.5 *5 cm<\/i><\/p>\n<p><em>Puiki dovana\u00a0<\/em><\/p>\n<p><em>Didmeniniams pirk\u0117jams bus specialios kainos!<\/em><\/p>\n","protected":false},"featured_media":30025,"comment_status":"open","ping_status":"closed","template":"","meta":[],"product_brand":[],"product_cat":[1535],"product_tag":[1847,1806],"class_list":{"0":"post-30024","1":"product","2":"type-product","3":"status-publish","4":"has-post-thumbnail","6":"product_cat-other-amber-products","7":"product_tag-gintaro-muilas","8":"product_tag-suvenyrai-ir-dovanos","10":"first","11":"instock","12":"shipping-taxable","13":"purchasable","14":"product-type-simple"},"_links":{"self":[{"href":"https:\/\/amberlita.lt\/en\/wp-json\/wp\/v2\/product\/30024","targetHints":{"allow":["GET"]}}],"collection":[{"href":"https:\/\/amberlita.lt\/en\/wp-json\/wp\/v2\/product"}],"about":[{"href":"https:\/\/amberlita.lt\/en\/wp-json\/wp\/v2\/types\/product"}],"replies":[{"embeddable":true,"href":"https:\/\/amberlita.lt\/en\/wp-json\/wp\/v2\/comments?post=30024"}],"wp:featuredmedia":[{"embeddable":true,"href":"https:\/\/amberlita.lt\/en\/wp-json\/wp\/v2\/media\/30025"}],"wp:attachment":[{"href":"https:\/\/amberlita.lt\/en\/wp-json\/wp\/v2\/media?parent=30024"}],"wp:term":[{"taxonomy":"product_brand","embeddable":true,"href":"https:\/\/amberlita.lt\/en\/wp-json\/wp\/v2\/product_brand?post=30024"},{"taxonomy":"product_cat","embeddable":true,"href":"https:\/\/amberlita.lt\/en\/wp-json\/wp\/v2\/product_cat?post=30024"},{"taxonomy":"product_tag","embeddable":true,"href":"https:\/\/amberlita.lt\/en\/wp-json\/wp\/v2\/product_tag?post=30024"}],"curies":[{"name":"wp","href":"https:\/\/api.w.org\/{rel}","templated":true}]}}