{"id":30243,"date":"2019-11-05T13:11:50","date_gmt":"2019-11-05T11:11:50","guid":{"rendered":"https:\/\/amberlita.lt\/product\/gintarine-drozineta-zuvyte\/"},"modified":"2025-12-22T11:27:10","modified_gmt":"2025-12-22T11:27:10","slug":"gintarine-drozineta-zuvyte","status":"publish","type":"product","link":"https:\/\/amberlita.lt\/en\/product\/gintarine-drozineta-zuvyte\/","title":{"rendered":"Gintarin\u0117 dro\u017ein\u0117ta \u017euvyt\u0117"},"content":{"rendered":"","protected":false},"excerpt":{"rendered":"<p><em>Weight-4 g<\/em><\/p>\n<p><em>Length-3.5 cm<\/em><\/p>\n<p><em>Color-yellow, transparent<\/em><\/p>\n<p><em>Handmade, carved<\/em><\/p>\n<p><em>The image of the product in the photos may slightly differ from the real image (color) of the product presented in the product catalog<\/em><\/p>\n<p><em>The image may differ due to natural differences in the amber raw material<\/em><\/p>\n<p>&nbsp;<\/p>\n","protected":false},"featured_media":30246,"comment_status":"open","ping_status":"closed","template":"","meta":[],"product_brand":[],"product_cat":[1532],"product_tag":[1898],"class_list":{"0":"post-30243","1":"product","2":"type-product","3":"status-publish","4":"has-post-thumbnail","6":"product_cat-amber-figures","7":"product_tag-gintarine-drozineta-zuvyte","9":"first","10":"instock","11":"shipping-taxable","12":"purchasable","13":"product-type-simple"},"_links":{"self":[{"href":"https:\/\/amberlita.lt\/en\/wp-json\/wp\/v2\/product\/30243","targetHints":{"allow":["GET"]}}],"collection":[{"href":"https:\/\/amberlita.lt\/en\/wp-json\/wp\/v2\/product"}],"about":[{"href":"https:\/\/amberlita.lt\/en\/wp-json\/wp\/v2\/types\/product"}],"replies":[{"embeddable":true,"href":"https:\/\/amberlita.lt\/en\/wp-json\/wp\/v2\/comments?post=30243"}],"wp:featuredmedia":[{"embeddable":true,"href":"https:\/\/amberlita.lt\/en\/wp-json\/wp\/v2\/media\/30246"}],"wp:attachment":[{"href":"https:\/\/amberlita.lt\/en\/wp-json\/wp\/v2\/media?parent=30243"}],"wp:term":[{"taxonomy":"product_brand","embeddable":true,"href":"https:\/\/amberlita.lt\/en\/wp-json\/wp\/v2\/product_brand?post=30243"},{"taxonomy":"product_cat","embeddable":true,"href":"https:\/\/amberlita.lt\/en\/wp-json\/wp\/v2\/product_cat?post=30243"},{"taxonomy":"product_tag","embeddable":true,"href":"https:\/\/amberlita.lt\/en\/wp-json\/wp\/v2\/product_tag?post=30243"}],"curies":[{"name":"wp","href":"https:\/\/api.w.org\/{rel}","templated":true}]}}