{"id":30452,"date":"2020-11-30T11:13:10","date_gmt":"2020-11-30T09:13:11","guid":{"rendered":"https:\/\/amberlita.lt\/product\/gintaro-drugelis-su-sidabrine-grandinele-sventineje-pakuoteje-copy\/"},"modified":"2025-12-28T20:14:04","modified_gmt":"2025-12-28T20:14:04","slug":"gintaro-drugelis-su-sidabrine-grandinele-sventineje-pakuoteje-copy","status":"publish","type":"product","link":"https:\/\/amberlita.lt\/en\/product\/gintaro-drugelis-su-sidabrine-grandinele-sventineje-pakuoteje-copy\/","title":{"rendered":"Gintaro pakabukas \u0161ird\u0117le su grandin\u0117le"},"content":{"rendered":"","protected":false},"excerpt":{"rendered":"<p><em>Weight- 5 g<\/em><\/p>\n<p><em>Length- 45 cm<\/em><\/p>\n<p><em>Pendant size- 2.3 cm*2.7 cm<\/em><\/p>\n","protected":false},"featured_media":30453,"comment_status":"open","ping_status":"closed","template":"","meta":[],"product_brand":[],"product_cat":[1536],"product_tag":[1939,1940],"class_list":{"0":"post-30452","1":"product","2":"type-product","3":"status-publish","4":"has-post-thumbnail","6":"product_cat-pendants","7":"product_tag-pakabukas-sirdele","8":"product_tag-pakabukas-sirdele-su-grandinele","10":"first","11":"instock","12":"shipping-taxable","13":"purchasable","14":"product-type-simple"},"_links":{"self":[{"href":"https:\/\/amberlita.lt\/en\/wp-json\/wp\/v2\/product\/30452","targetHints":{"allow":["GET"]}}],"collection":[{"href":"https:\/\/amberlita.lt\/en\/wp-json\/wp\/v2\/product"}],"about":[{"href":"https:\/\/amberlita.lt\/en\/wp-json\/wp\/v2\/types\/product"}],"replies":[{"embeddable":true,"href":"https:\/\/amberlita.lt\/en\/wp-json\/wp\/v2\/comments?post=30452"}],"wp:featuredmedia":[{"embeddable":true,"href":"https:\/\/amberlita.lt\/en\/wp-json\/wp\/v2\/media\/30453"}],"wp:attachment":[{"href":"https:\/\/amberlita.lt\/en\/wp-json\/wp\/v2\/media?parent=30452"}],"wp:term":[{"taxonomy":"product_brand","embeddable":true,"href":"https:\/\/amberlita.lt\/en\/wp-json\/wp\/v2\/product_brand?post=30452"},{"taxonomy":"product_cat","embeddable":true,"href":"https:\/\/amberlita.lt\/en\/wp-json\/wp\/v2\/product_cat?post=30452"},{"taxonomy":"product_tag","embeddable":true,"href":"https:\/\/amberlita.lt\/en\/wp-json\/wp\/v2\/product_tag?post=30452"}],"curies":[{"name":"wp","href":"https:\/\/api.w.org\/{rel}","templated":true}]}}