{"id":30460,"date":"2020-11-27T11:08:12","date_gmt":"2020-11-27T09:08:12","guid":{"rendered":"https:\/\/amberlita.lt\/product\/naturalaus-gintaro-karoliukas-su-sidabrine-grandinele-grazioje-pakuoteje-copy\/"},"modified":"2025-12-28T20:23:10","modified_gmt":"2025-12-28T20:23:10","slug":"naturalaus-gintaro-karoliukas-su-sidabrine-grandinele-grazioje-pakuoteje-copy","status":"publish","type":"product","link":"https:\/\/amberlita.lt\/en\/product\/naturalaus-gintaro-karoliukas-su-sidabrine-grandinele-grazioje-pakuoteje-copy\/","title":{"rendered":"Gintaro pakabukas karoliukas su grandin\u0117le"},"content":{"rendered":"","protected":false},"excerpt":{"rendered":"<p><em>Svoris-3,5 g<\/em><\/p>\n<p><em>Skersmuo &#8211; 12 cm<\/em><\/p>\n<p><em>Spalva-baltas, geltona<\/em><\/p>\n<p><em>Vaizdas gali skirtis d\u0117l nat\u016brali\u0173 gintaro \u017ealiavos skirtum\u0173<\/em><\/p>\n<p>&nbsp;<\/p>\n<p>&nbsp;<\/p>\n<p>&nbsp;<\/p>\n<p>&nbsp;<\/p>\n","protected":false},"featured_media":30461,"comment_status":"open","ping_status":"closed","template":"","meta":[],"product_brand":[],"product_cat":[1536],"product_tag":[1942,1764],"class_list":{"0":"post-30460","1":"product","2":"type-product","3":"status-publish","4":"has-post-thumbnail","6":"product_cat-pendants","7":"product_tag-gintaro-karoliukas-su-grandinele","8":"product_tag-gintaro-pakabukas","10":"first","11":"instock","12":"sold-individually","13":"shipping-taxable","14":"purchasable","15":"product-type-simple"},"_links":{"self":[{"href":"https:\/\/amberlita.lt\/en\/wp-json\/wp\/v2\/product\/30460","targetHints":{"allow":["GET"]}}],"collection":[{"href":"https:\/\/amberlita.lt\/en\/wp-json\/wp\/v2\/product"}],"about":[{"href":"https:\/\/amberlita.lt\/en\/wp-json\/wp\/v2\/types\/product"}],"replies":[{"embeddable":true,"href":"https:\/\/amberlita.lt\/en\/wp-json\/wp\/v2\/comments?post=30460"}],"wp:featuredmedia":[{"embeddable":true,"href":"https:\/\/amberlita.lt\/en\/wp-json\/wp\/v2\/media\/30461"}],"wp:attachment":[{"href":"https:\/\/amberlita.lt\/en\/wp-json\/wp\/v2\/media?parent=30460"}],"wp:term":[{"taxonomy":"product_brand","embeddable":true,"href":"https:\/\/amberlita.lt\/en\/wp-json\/wp\/v2\/product_brand?post=30460"},{"taxonomy":"product_cat","embeddable":true,"href":"https:\/\/amberlita.lt\/en\/wp-json\/wp\/v2\/product_cat?post=30460"},{"taxonomy":"product_tag","embeddable":true,"href":"https:\/\/amberlita.lt\/en\/wp-json\/wp\/v2\/product_tag?post=30460"}],"curies":[{"name":"wp","href":"https:\/\/api.w.org\/{rel}","templated":true}]}}