{"id":30603,"date":"2020-06-17T15:05:39","date_gmt":"2020-06-17T12:05:40","guid":{"rendered":"https:\/\/amberlita.lt\/product\/gintariniu-papuosalu-rinkinys-copy\/"},"modified":"2026-01-15T18:49:17","modified_gmt":"2026-01-15T18:49:17","slug":"gintariniu-papuosalu-rinkinys-copy","status":"publish","type":"product","link":"https:\/\/amberlita.lt\/en\/product\/gintariniu-papuosalu-rinkinys-copy\/","title":{"rendered":"Amber pendant &#8220;Sun&#8221; with chain"},"content":{"rendered":"","protected":false},"excerpt":{"rendered":"<p><em>Svoris- 15 g<\/em><\/p>\n<p><em>Ilgis- 45 cm<\/em><\/p>\n<p><em>Prek\u0117s vaizdo nuotraukose gali\u00a0 tiek neatitikti\u00a0 realaus prek\u0117s\u00a0vaizdo (spalvos) su pateikta preki\u0173 kataloge.<\/em><\/p>\n<p><em>Vaizdas gali skirtis d\u0117l nat\u016brali\u0173 gintaro \u017ealiavos skirtum\u0173<\/em><\/p>\n<p>&nbsp;<\/p>\n","protected":false},"featured_media":30606,"comment_status":"open","ping_status":"closed","template":"","meta":[],"product_brand":[],"product_cat":[1536],"product_tag":[1764,1932],"class_list":{"0":"post-30603","1":"product","2":"type-product","3":"status-publish","4":"has-post-thumbnail","6":"product_cat-pendants","7":"product_tag-gintaro-pakabukas","8":"product_tag-pakabukas-su-grandinele","10":"first","11":"instock","12":"sold-individually","13":"shipping-taxable","14":"purchasable","15":"product-type-simple"},"_links":{"self":[{"href":"https:\/\/amberlita.lt\/en\/wp-json\/wp\/v2\/product\/30603","targetHints":{"allow":["GET"]}}],"collection":[{"href":"https:\/\/amberlita.lt\/en\/wp-json\/wp\/v2\/product"}],"about":[{"href":"https:\/\/amberlita.lt\/en\/wp-json\/wp\/v2\/types\/product"}],"replies":[{"embeddable":true,"href":"https:\/\/amberlita.lt\/en\/wp-json\/wp\/v2\/comments?post=30603"}],"wp:featuredmedia":[{"embeddable":true,"href":"https:\/\/amberlita.lt\/en\/wp-json\/wp\/v2\/media\/30606"}],"wp:attachment":[{"href":"https:\/\/amberlita.lt\/en\/wp-json\/wp\/v2\/media?parent=30603"}],"wp:term":[{"taxonomy":"product_brand","embeddable":true,"href":"https:\/\/amberlita.lt\/en\/wp-json\/wp\/v2\/product_brand?post=30603"},{"taxonomy":"product_cat","embeddable":true,"href":"https:\/\/amberlita.lt\/en\/wp-json\/wp\/v2\/product_cat?post=30603"},{"taxonomy":"product_tag","embeddable":true,"href":"https:\/\/amberlita.lt\/en\/wp-json\/wp\/v2\/product_tag?post=30603"}],"curies":[{"name":"wp","href":"https:\/\/api.w.org\/{rel}","templated":true}]}}