{"id":30813,"date":"2020-12-03T11:04:19","date_gmt":"2020-12-03T09:04:20","guid":{"rendered":"https:\/\/amberlita.lt\/product\/gintaro-verynispilka-ir-geltona-copy\/"},"modified":"2020-12-03T11:04:19","modified_gmt":"2020-12-03T09:04:20","slug":"gintaro-verynispilka-ir-geltona-copy","status":"publish","type":"product","link":"https:\/\/amberlita.lt\/en\/product\/gintaro-verynispilka-ir-geltona-copy\/","title":{"rendered":"Gintaro v\u0117rinys &#8220;Geltona&#8221;"},"content":{"rendered":"","protected":false},"excerpt":{"rendered":"<p><em>Svoris-19 g<\/em><\/p>\n<p><em>Ilgis- 48 cm (+3 cm grandin\u0117le)<\/em><\/p>\n<p><em>Pakabuko diametras\u00a0 -4 cm<\/em><\/p>\n<p><em>\u0160is nuostabus v\u0117rinys pagamintas ant pasidabruoto pagrindo<\/em><\/p>\n<p><em>Tai puikus vienetinis papuo\u0161alas su kuriuo j\u016bs jausit\u0117s i\u0161skirtin\u0117 ir nepakartojama!!!!<\/em><\/p>\n<p><em>Prek\u0117s vaizdas nuotraukose gali\u00a0 \u0161iek tiek neatitikti\u00a0 realaus prek\u0117s\u00a0 vaizdo (spalvos ) su pateikta preki\u0173 kataloge<\/em><\/p>\n<p><em>Vaizdas gali skirtis d\u0117l nat\u016brali\u0173 gintaro \u017ealiavos skirtum\u0173\u00a0<\/em><\/p>\n","protected":false},"featured_media":30815,"comment_status":"open","ping_status":"closed","template":"","meta":[],"product_brand":[],"product_cat":[1536],"product_tag":[1911,1790,1979],"class_list":{"0":"post-30813","1":"product","2":"type-product","3":"status-publish","4":"has-post-thumbnail","6":"product_cat-pendants","7":"product_tag-dirbinis-is-gintaro","8":"product_tag-gintariniai-karoliai","9":"product_tag-gintaro-verynis","11":"first","12":"instock","13":"shipping-taxable","14":"purchasable","15":"product-type-simple"},"_links":{"self":[{"href":"https:\/\/amberlita.lt\/en\/wp-json\/wp\/v2\/product\/30813","targetHints":{"allow":["GET"]}}],"collection":[{"href":"https:\/\/amberlita.lt\/en\/wp-json\/wp\/v2\/product"}],"about":[{"href":"https:\/\/amberlita.lt\/en\/wp-json\/wp\/v2\/types\/product"}],"replies":[{"embeddable":true,"href":"https:\/\/amberlita.lt\/en\/wp-json\/wp\/v2\/comments?post=30813"}],"wp:featuredmedia":[{"embeddable":true,"href":"https:\/\/amberlita.lt\/en\/wp-json\/wp\/v2\/media\/30815"}],"wp:attachment":[{"href":"https:\/\/amberlita.lt\/en\/wp-json\/wp\/v2\/media?parent=30813"}],"wp:term":[{"taxonomy":"product_brand","embeddable":true,"href":"https:\/\/amberlita.lt\/en\/wp-json\/wp\/v2\/product_brand?post=30813"},{"taxonomy":"product_cat","embeddable":true,"href":"https:\/\/amberlita.lt\/en\/wp-json\/wp\/v2\/product_cat?post=30813"},{"taxonomy":"product_tag","embeddable":true,"href":"https:\/\/amberlita.lt\/en\/wp-json\/wp\/v2\/product_tag?post=30813"}],"curies":[{"name":"wp","href":"https:\/\/api.w.org\/{rel}","templated":true}]}}