{"id":30852,"date":"2023-04-04T14:04:33","date_gmt":"2023-04-04T11:04:33","guid":{"rendered":"https:\/\/amberlita.lt\/product\/gintaro-verynis\/"},"modified":"2026-01-25T19:30:05","modified_gmt":"2026-01-25T19:30:05","slug":"gintaro-verynis","status":"publish","type":"product","link":"https:\/\/amberlita.lt\/en\/product\/gintaro-verynis\/","title":{"rendered":"Green amber necklace"},"content":{"rendered":"","protected":false},"excerpt":{"rendered":"<p>&nbsp;<\/p>\n<p><em><span class=\"jCAhz ChMk0b\"><span class=\"ryNqvb\">Svoris &#8211; 20 g<\/span><\/span><\/em><\/p>\n<p><em><span class=\"jCAhz ChMk0b\"><span class=\"ryNqvb\">Ilgis -52 cm<\/span><\/span><\/em><\/p>\n<p><em><span class=\"jCAhz ChMk0b\"><span class=\"ryNqvb\">\u00a0Spalva-\u017ealia, geltona, pilka<\/span><\/span><\/em><\/p>\n<p><em> <span class=\"jCAhz ChMk0b\"><span class=\"ryNqvb\">Nat\u016bralaus Baltijos gintaro karoliai, sukurti i\u0161 nat\u016bralaus Baltijos gintaro<\/span><\/span><\/em><\/p>\n","protected":false},"featured_media":30853,"comment_status":"open","ping_status":"closed","template":"","meta":[],"product_brand":[],"product_cat":[1534],"product_tag":[1769,1849,1989,1990,1985,1991],"class_list":{"0":"post-30852","1":"product","2":"type-product","3":"status-publish","4":"has-post-thumbnail","6":"product_cat-necklaces","7":"product_tag-baltic-amber","8":"product_tag-baltijos-gintaro-papuosalai","9":"product_tag-bernstain","10":"product_tag-gintarinis-karoliai","11":"product_tag-gintaro-papuosalai","12":"product_tag-green-amber","14":"first","15":"instock","16":"sale","17":"sold-individually","18":"shipping-taxable","19":"purchasable","20":"product-type-simple"},"_links":{"self":[{"href":"https:\/\/amberlita.lt\/en\/wp-json\/wp\/v2\/product\/30852","targetHints":{"allow":["GET"]}}],"collection":[{"href":"https:\/\/amberlita.lt\/en\/wp-json\/wp\/v2\/product"}],"about":[{"href":"https:\/\/amberlita.lt\/en\/wp-json\/wp\/v2\/types\/product"}],"replies":[{"embeddable":true,"href":"https:\/\/amberlita.lt\/en\/wp-json\/wp\/v2\/comments?post=30852"}],"wp:featuredmedia":[{"embeddable":true,"href":"https:\/\/amberlita.lt\/en\/wp-json\/wp\/v2\/media\/30853"}],"wp:attachment":[{"href":"https:\/\/amberlita.lt\/en\/wp-json\/wp\/v2\/media?parent=30852"}],"wp:term":[{"taxonomy":"product_brand","embeddable":true,"href":"https:\/\/amberlita.lt\/en\/wp-json\/wp\/v2\/product_brand?post=30852"},{"taxonomy":"product_cat","embeddable":true,"href":"https:\/\/amberlita.lt\/en\/wp-json\/wp\/v2\/product_cat?post=30852"},{"taxonomy":"product_tag","embeddable":true,"href":"https:\/\/amberlita.lt\/en\/wp-json\/wp\/v2\/product_tag?post=30852"}],"curies":[{"name":"wp","href":"https:\/\/api.w.org\/{rel}","templated":true}]}}