{"id":30946,"date":"2019-10-24T16:42:25","date_gmt":"2019-10-24T13:42:25","guid":{"rendered":"https:\/\/amberlita.lt\/product\/gintarine-apyranke-11\/"},"modified":"2026-01-26T12:11:40","modified_gmt":"2026-01-26T12:11:40","slug":"gintarine-apyranke-11","status":"publish","type":"product","link":"https:\/\/amberlita.lt\/en\/product\/gintarine-apyranke-11\/","title":{"rendered":"Baltijos gintarin\u0117 apyrank\u0117"},"content":{"rendered":"<p><em>Svoris- 12 g<\/em><\/p>\n<p><em>Spalva-\u012fvairi\u0173 spalv\u0173 miksas<\/em><\/p>\n<p><em>Suverta ant silikono gumel\u0117s<\/em><\/p>\n<p><em>Prek\u0117s vaizdas nuotraukose gali\u00a0 \u0161iek tiek neatitikti\u00a0 realaus prek\u0117s\u00a0 vaizdo (spalvos ) su pateikta preki\u0173 kataloge.<\/em><\/p>\n<p><em>Vaizdas gali skirtis d\u0117l nat\u016brali\u0173 gintaro \u017ealiavos skirtum\u0173<\/em> .<\/p>\n","protected":false},"excerpt":{"rendered":"<p><em>Length-19 cm<\/em><\/p>\n<p><em>Svoris- 12 g<\/em><\/p>\n<p><em>Spalva-\u012fvairi\u0173 spalv\u0173 miksas<\/em><\/p>\n<p><em>Suverta ant silikono gumel\u0117s<\/em><\/p>\n<p><em>Prek\u0117s vaizdas nuotraukose gali\u00a0 \u0161iek tiek neatitikti\u00a0 realaus prek\u0117s\u00a0 vaizdo (spalvos ) su pateikta preki\u0173 kataloge.<\/em><\/p>\n<p><em>Vaizdas gali skirtis d\u0117l nat\u016brali\u0173 gintaro \u017ealiavos skirtum\u0173 .<\/em><\/p>\n","protected":false},"featured_media":30947,"comment_status":"open","ping_status":"closed","template":"","meta":[],"product_brand":[],"product_cat":[1530],"product_tag":[1759,2012,2023,2024,1774,2025,2026,2027,2028,2029,2030,2031,2032],"class_list":{"0":"post-30946","1":"product","2":"type-product","3":"status-publish","4":"has-post-thumbnail","6":"product_cat-bracelets","7":"product_tag-apyrankes-2","8":"product_tag-armband-af-baltisk-rav","9":"product_tag-armband-i-baltisk-barnsten","10":"product_tag-bracelet-en-ambre-de-la-baltique","11":"product_tag-gintarine-apyranke","12":"product_tag-itameren-meripihkaranneke","13":"product_tag-pulseira-de-ambar-do-baltico","14":"product_tag-vong-tay-ho-phach-baltic","15":"product_tag-zapestnica-iz-baltskega-jantarja","16":"product_tag-2029","17":"product_tag-2030","18":"product_tag-2031","19":"product_tag-2032","21":"first","22":"instock","23":"shipping-taxable","24":"purchasable","25":"product-type-simple"},"_links":{"self":[{"href":"https:\/\/amberlita.lt\/en\/wp-json\/wp\/v2\/product\/30946","targetHints":{"allow":["GET"]}}],"collection":[{"href":"https:\/\/amberlita.lt\/en\/wp-json\/wp\/v2\/product"}],"about":[{"href":"https:\/\/amberlita.lt\/en\/wp-json\/wp\/v2\/types\/product"}],"replies":[{"embeddable":true,"href":"https:\/\/amberlita.lt\/en\/wp-json\/wp\/v2\/comments?post=30946"}],"wp:featuredmedia":[{"embeddable":true,"href":"https:\/\/amberlita.lt\/en\/wp-json\/wp\/v2\/media\/30947"}],"wp:attachment":[{"href":"https:\/\/amberlita.lt\/en\/wp-json\/wp\/v2\/media?parent=30946"}],"wp:term":[{"taxonomy":"product_brand","embeddable":true,"href":"https:\/\/amberlita.lt\/en\/wp-json\/wp\/v2\/product_brand?post=30946"},{"taxonomy":"product_cat","embeddable":true,"href":"https:\/\/amberlita.lt\/en\/wp-json\/wp\/v2\/product_cat?post=30946"},{"taxonomy":"product_tag","embeddable":true,"href":"https:\/\/amberlita.lt\/en\/wp-json\/wp\/v2\/product_tag?post=30946"}],"curies":[{"name":"wp","href":"https:\/\/api.w.org\/{rel}","templated":true}]}}