{"id":30961,"date":"2019-10-22T16:31:11","date_gmt":"2019-10-22T13:31:11","guid":{"rendered":"https:\/\/amberlita.lt\/product\/vaikiski-gintariniai-karoliai-5\/"},"modified":"2026-01-26T13:27:55","modified_gmt":"2026-01-26T13:27:55","slug":"vaikiski-gintariniai-karoliai-5","status":"publish","type":"product","link":"https:\/\/amberlita.lt\/en\/product\/vaikiski-gintariniai-karoliai-5\/","title":{"rendered":"Children&#8217;s amber necklace"},"content":{"rendered":"<p><em>Length &#8211; 33 cm<\/em><\/p>\n<p><em>Weight -6.9 g<\/em><\/p>\n<p><em>Color &#8211; yellow, <strong>unpolished<\/strong><\/em><\/p>\n<p><em>Closure &#8211; screw-on, strung on a silk thread with knots<\/em><\/p>\n<p><em>Scientific studies have repeatedly confirmed that amber has bactericidal, anti-inflammatory, regenerating, antioxidant, moisturizing properties. Amber has an excellent therapeutic effect &#8211; it calms the nervous system, relieves pain, improves blood circulation, strengthens immunity. It is likely that amber worn around the neck protects against throat diseases. Beads have long been worn by people with goiter or thyroid problems.<\/em><\/p>\n<p><em>To ensure the safety of a baby or child, the beads are strung on a very strong cord that can withstand heavy weight. Each amber bead is separated by a knot, this is for the safety of the child. If it happens that when the necklace is pulled, the knots prevent the beads from falling out, in this case only one would fall out.<\/em><\/p>\n<p><em>In addition, modern amber jewelry is very beautiful and comfortable!<\/em><\/p>\n<p><strong><em>Warnings and cautions:<\/em><\/strong><\/p>\n<p><em>&#8211; Amber necklaces should be removed when the baby is sleeping or unattended!<\/em><\/p>\n<p><em>&#8211; Amber necklaces are intended for wearing, not chewing!<\/em><\/p>\n<p><em>&#8211; When using the necklace, be careful and supervise your baby!<\/em><\/p>\n<p><em>We cannot assume any responsibility for wearing this necklace!<\/em><\/p>\n","protected":false},"excerpt":{"rendered":"<p>&nbsp;<\/p>\n<p><em>Moksliniai tyrimai ne kart\u0105 patvirtino, kad gintaras turi baktericidini\u0173, prie\u0161u\u017edegimini\u0173, regeneruojan\u010di\u0173, antioksidacini\u0173, dr\u0117kinam\u0173j\u0173 \u00a0s\u0105vybi\u0173. Gintaras turi puik\u0173 terapin\u012f poveik\u012f- ramina nerv\u0173 sistem\u0105, mal\u0161ina skausmus,gerina kraujotak\u0105, stiprina imunitet\u0105.Tik\u0117tina,jog gintaras ne\u0161iojamas ant kaklo, apsaugo nuo gerkl\u0117s lig\u0173.Karolius nuo seno ne\u0161iojo turintys strum\u0105 arba skydliauk\u0117s problem\u0173.<\/em><\/p>\n<p><em>Norint u\u017etikrinti k\u016bdikio ar vaiku\u010dio saugum\u0105 karoliukai yra veriami ant labai tvirtos virvut\u0117s, kuri atlaiko didel\u012f svor\u012f. Kiekvienas gintaro karoliukas yra atskirtas mazgeliu, taip numatyta vaikelio saugumui.Jeigu taip atsitikt\u0173, kad sutraukius v\u0117rin\u012f, mazgeliai neleist\u0173 karoliukams i\u0161byr\u0117ti visiems, \u0161iuo atveju i\u0161krist\u0173 tik vienas.<\/em><\/p>\n<p><em>Be to, \u0161iuolaikiniai gintaro papuo\u0161alai labai gra\u017e\u016bs ir patog\u016bs!<\/em><\/p>\n<p><em><span style=\"color: #ff0000;\">\u012esp\u0117jimai ir persp\u0117jimai:<\/span><\/em><\/p>\n<p><em><span style=\"color: #ff0000;\">&#8211; Gintarinius karolius reikia nuimti, kai k\u016bdikis miega ar yra be prie\u017ei\u016bros!<\/span><\/em><\/p>\n<p><em><span style=\"color: #ff0000;\">&#8211; Gintariniai karoliai yra skirti ne\u0161ioti, o ne kramtyti!<\/span><\/em><\/p>\n<p><em><span style=\"color: #ff0000;\">&#8211; Naudodamiesi karoliais, b\u016bkite atsarg\u016bs ir pri\u017ei\u016br\u0117kite savo k\u016bdik\u012f!<\/span><\/em><\/p>\n<p><em><span style=\"color: #ff0000;\">Negalime prisiimti jokios atsakomyb\u0117s u\u017e \u0161io v\u0117rinio ne\u0161iojim\u0105!<\/span><\/em><\/p>\n","protected":false},"featured_media":30962,"comment_status":"open","ping_status":"closed","template":"","meta":[],"product_brand":[],"product_cat":[1541,1534],"product_tag":[2034,2035,1816],"class_list":{"0":"post-30961","1":"product","2":"type-product","3":"status-publish","4":"has-post-thumbnail","6":"product_cat-for-children","7":"product_cat-necklaces","8":"product_tag-prekes-vaikams","9":"product_tag-vaikams-papuosalai","10":"product_tag-vaikiski-gintariniai-karoliai","12":"first","13":"instock","14":"shipping-taxable","15":"purchasable","16":"product-type-simple"},"_links":{"self":[{"href":"https:\/\/amberlita.lt\/en\/wp-json\/wp\/v2\/product\/30961","targetHints":{"allow":["GET"]}}],"collection":[{"href":"https:\/\/amberlita.lt\/en\/wp-json\/wp\/v2\/product"}],"about":[{"href":"https:\/\/amberlita.lt\/en\/wp-json\/wp\/v2\/types\/product"}],"replies":[{"embeddable":true,"href":"https:\/\/amberlita.lt\/en\/wp-json\/wp\/v2\/comments?post=30961"}],"wp:featuredmedia":[{"embeddable":true,"href":"https:\/\/amberlita.lt\/en\/wp-json\/wp\/v2\/media\/30962"}],"wp:attachment":[{"href":"https:\/\/amberlita.lt\/en\/wp-json\/wp\/v2\/media?parent=30961"}],"wp:term":[{"taxonomy":"product_brand","embeddable":true,"href":"https:\/\/amberlita.lt\/en\/wp-json\/wp\/v2\/product_brand?post=30961"},{"taxonomy":"product_cat","embeddable":true,"href":"https:\/\/amberlita.lt\/en\/wp-json\/wp\/v2\/product_cat?post=30961"},{"taxonomy":"product_tag","embeddable":true,"href":"https:\/\/amberlita.lt\/en\/wp-json\/wp\/v2\/product_tag?post=30961"}],"curies":[{"name":"wp","href":"https:\/\/api.w.org\/{rel}","templated":true}]}}