{"id":30991,"date":"2020-06-05T18:29:28","date_gmt":"2020-06-05T15:29:28","guid":{"rendered":"https:\/\/amberlita.lt\/product\/gintariniai-auskarai-copy-3\/"},"modified":"2026-01-26T17:29:26","modified_gmt":"2026-01-26T17:29:26","slug":"gintariniai-auskarai-copy-3","status":"publish","type":"product","link":"https:\/\/amberlita.lt\/en\/product\/gintariniai-auskarai-copy-3\/","title":{"rendered":"Baltic amber earrings &#8220;Baltic tears&#8221;"},"content":{"rendered":"","protected":false},"excerpt":{"rendered":"<p><em>Nat\u016bral\u016bs gintariniai rutuliukai\u00a0<\/em><\/p>\n<p><em>Labai lengva ir eleganti\u0161ka.<\/em><\/p>\n<p><em>Diametras &#8211; 10 mm<\/em><\/p>\n<p><em>Svoris-1,5 g<\/em><\/p>\n<p><em>Spava-geltona<\/em><\/p>\n<p><em>U\u017esegimas-adat\u0117l\u0117s<\/em><\/p>\n<p><em>Prek\u0117s vaizdas nuotraukose gali\u00a0 \u0161iek tiek neatitikti\u00a0 realaus prek\u0117s\u00a0 vaizdo (spalvos )su pateikta preki\u0173 kataloge.<\/em><\/p>\n<p><em>Vaizdas gali skirtis d\u0117l nat\u016brali\u0173 gintaro \u017ealiavos skirtum\u0173\u00a0<\/em><\/p>\n","protected":false},"featured_media":30992,"comment_status":"open","ping_status":"closed","template":"","meta":[],"product_brand":[],"product_cat":[1529],"product_tag":[1763,1738],"class_list":{"0":"post-30991","1":"product","2":"type-product","3":"status-publish","4":"has-post-thumbnail","6":"product_cat-earrings","7":"product_tag-auskarai","8":"product_tag-gintariniai-auskarai-2","10":"first","11":"outofstock","12":"shipping-taxable","13":"purchasable","14":"product-type-simple"},"_links":{"self":[{"href":"https:\/\/amberlita.lt\/en\/wp-json\/wp\/v2\/product\/30991","targetHints":{"allow":["GET"]}}],"collection":[{"href":"https:\/\/amberlita.lt\/en\/wp-json\/wp\/v2\/product"}],"about":[{"href":"https:\/\/amberlita.lt\/en\/wp-json\/wp\/v2\/types\/product"}],"replies":[{"embeddable":true,"href":"https:\/\/amberlita.lt\/en\/wp-json\/wp\/v2\/comments?post=30991"}],"wp:featuredmedia":[{"embeddable":true,"href":"https:\/\/amberlita.lt\/en\/wp-json\/wp\/v2\/media\/30992"}],"wp:attachment":[{"href":"https:\/\/amberlita.lt\/en\/wp-json\/wp\/v2\/media?parent=30991"}],"wp:term":[{"taxonomy":"product_brand","embeddable":true,"href":"https:\/\/amberlita.lt\/en\/wp-json\/wp\/v2\/product_brand?post=30991"},{"taxonomy":"product_cat","embeddable":true,"href":"https:\/\/amberlita.lt\/en\/wp-json\/wp\/v2\/product_cat?post=30991"},{"taxonomy":"product_tag","embeddable":true,"href":"https:\/\/amberlita.lt\/en\/wp-json\/wp\/v2\/product_tag?post=30991"}],"curies":[{"name":"wp","href":"https:\/\/api.w.org\/{rel}","templated":true}]}}