{"id":31097,"date":"2022-02-28T12:14:07","date_gmt":"2022-02-28T10:14:08","guid":{"rendered":"https:\/\/amberlita.lt\/product\/gintarine-apyranke-vyrams-copy-6\/"},"modified":"2026-01-27T13:00:40","modified_gmt":"2026-01-27T13:00:40","slug":"gintarine-apyranke-vyrams-copy-6","status":"publish","type":"product","link":"https:\/\/amberlita.lt\/en\/product\/gintarine-apyranke-vyrams-copy-6\/","title":{"rendered":"Natural amber bracelet barrel form"},"content":{"rendered":"","protected":false},"excerpt":{"rendered":"<p><em>Svoris- 18 g<\/em><\/p>\n<p><em>Ilgis-18 cm<\/em><\/p>\n<p><em>Skersmuo -14 mm<\/em><\/p>\n<p><em>Spalva- geltona<\/em><\/p>\n<p><em>Apyrank\u0117 sveika i\u0161 nat\u016bralaus Baltijos gintaro gabaleliais<\/em><\/p>\n<p><em>Suverta ant elastin\u0117s juostos<\/em><\/p>\n<p><em>Prek\u0117s vaizdas nuotraukose gali\u00a0 \u0161iek tiek neatitikti\u00a0 realaus prek\u0117s\u00a0vaizdas (spalvos ) su pateiktas preki\u0173 katalogas<\/em><\/p>\n<p><em>Vaizdas gali skirtis d\u0117l nat\u016brali\u0173 gintaro \u017ealiavos skirtum\u0173<\/em><\/p>\n<p><em>Nuotrauka buvo padaryta ap\u0161vietus papildomai!!<\/em><\/p>\n","protected":false},"featured_media":31098,"comment_status":"open","ping_status":"closed","template":"","meta":[],"product_brand":[],"product_cat":[1530],"product_tag":[1759,1774],"class_list":{"0":"post-31097","1":"product","2":"type-product","3":"status-publish","4":"has-post-thumbnail","6":"product_cat-bracelets","7":"product_tag-apyrankes-2","8":"product_tag-gintarine-apyranke","10":"first","11":"instock","12":"sold-individually","13":"shipping-taxable","14":"purchasable","15":"product-type-simple"},"_links":{"self":[{"href":"https:\/\/amberlita.lt\/en\/wp-json\/wp\/v2\/product\/31097","targetHints":{"allow":["GET"]}}],"collection":[{"href":"https:\/\/amberlita.lt\/en\/wp-json\/wp\/v2\/product"}],"about":[{"href":"https:\/\/amberlita.lt\/en\/wp-json\/wp\/v2\/types\/product"}],"replies":[{"embeddable":true,"href":"https:\/\/amberlita.lt\/en\/wp-json\/wp\/v2\/comments?post=31097"}],"wp:featuredmedia":[{"embeddable":true,"href":"https:\/\/amberlita.lt\/en\/wp-json\/wp\/v2\/media\/31098"}],"wp:attachment":[{"href":"https:\/\/amberlita.lt\/en\/wp-json\/wp\/v2\/media?parent=31097"}],"wp:term":[{"taxonomy":"product_brand","embeddable":true,"href":"https:\/\/amberlita.lt\/en\/wp-json\/wp\/v2\/product_brand?post=31097"},{"taxonomy":"product_cat","embeddable":true,"href":"https:\/\/amberlita.lt\/en\/wp-json\/wp\/v2\/product_cat?post=31097"},{"taxonomy":"product_tag","embeddable":true,"href":"https:\/\/amberlita.lt\/en\/wp-json\/wp\/v2\/product_tag?post=31097"}],"curies":[{"name":"wp","href":"https:\/\/api.w.org\/{rel}","templated":true}]}}