{"id":31267,"date":"2021-08-14T11:37:04","date_gmt":"2021-08-14T08:37:05","guid":{"rendered":"https:\/\/amberlita.lt\/product\/nuostabus-gintaro-auskarai-marmuro-copy\/"},"modified":"2021-08-14T11:37:04","modified_gmt":"2021-08-14T08:37:05","slug":"nuostabus-gintaro-auskarai-marmuro-copy","status":"publish","type":"product","link":"https:\/\/amberlita.lt\/en\/product\/nuostabus-gintaro-auskarai-marmuro-copy\/","title":{"rendered":"Nuostab\u016bs  gintaro auskarai &#8220;Mandarinai&#8221;"},"content":{"rendered":"","protected":false},"excerpt":{"rendered":"<p><em>Svoris-5.3 g<\/em><\/p>\n<p><em>Ilgis-7.8 \u0441m<\/em><\/p>\n<p><em>\u0160ie nuostab\u016bs auskarai, sukurti i\u0161<strong> nat\u016bralaus gintaro gabal\u0117li\u0173<\/strong><\/em><\/p>\n<p><em>Juose b\u016bsite \u0161aun\u016bs tiek kasdien, tiek ypatingiems renginiams !!<\/em><\/p>\n<p><em>Vaizdas gali skirtis d\u0117l nat\u016brali\u0173 gintaro \u017ealiavos skirtum\u0173<\/em><\/p>\n","protected":false},"featured_media":31268,"comment_status":"closed","ping_status":"closed","template":"","meta":[],"product_brand":[],"product_cat":[1529],"product_tag":[1587,1588],"class_list":{"0":"post-31267","1":"product","2":"type-product","3":"status-publish","4":"has-post-thumbnail","6":"product_cat-earrings","7":"product_tag-auskarai-su-gintaru","8":"product_tag-ginatariniai-auskarai","10":"first","11":"instock","12":"shipping-taxable","13":"purchasable","14":"product-type-simple"},"_links":{"self":[{"href":"https:\/\/amberlita.lt\/en\/wp-json\/wp\/v2\/product\/31267","targetHints":{"allow":["GET"]}}],"collection":[{"href":"https:\/\/amberlita.lt\/en\/wp-json\/wp\/v2\/product"}],"about":[{"href":"https:\/\/amberlita.lt\/en\/wp-json\/wp\/v2\/types\/product"}],"replies":[{"embeddable":true,"href":"https:\/\/amberlita.lt\/en\/wp-json\/wp\/v2\/comments?post=31267"}],"wp:featuredmedia":[{"embeddable":true,"href":"https:\/\/amberlita.lt\/en\/wp-json\/wp\/v2\/media\/31268"}],"wp:attachment":[{"href":"https:\/\/amberlita.lt\/en\/wp-json\/wp\/v2\/media?parent=31267"}],"wp:term":[{"taxonomy":"product_brand","embeddable":true,"href":"https:\/\/amberlita.lt\/en\/wp-json\/wp\/v2\/product_brand?post=31267"},{"taxonomy":"product_cat","embeddable":true,"href":"https:\/\/amberlita.lt\/en\/wp-json\/wp\/v2\/product_cat?post=31267"},{"taxonomy":"product_tag","embeddable":true,"href":"https:\/\/amberlita.lt\/en\/wp-json\/wp\/v2\/product_tag?post=31267"}],"curies":[{"name":"wp","href":"https:\/\/api.w.org\/{rel}","templated":true}]}}