{"id":31278,"date":"2021-05-18T15:51:26","date_gmt":"2021-05-18T12:51:26","guid":{"rendered":"https:\/\/amberlita.lt\/product\/gintaro-pakabukas-ant-odines-virveles-kopija-copy\/"},"modified":"2026-01-28T11:25:13","modified_gmt":"2026-01-28T11:25:13","slug":"gintaro-pakabukas-ant-odines-virveles-kopija-copy","status":"publish","type":"product","link":"https:\/\/amberlita.lt\/en\/product\/gintaro-pakabukas-ant-odines-virveles-kopija-copy\/","title":{"rendered":"Amber pendant on a leather cord"},"content":{"rendered":"","protected":false},"excerpt":{"rendered":"<p><em>Svoris-4,4 g<\/em><\/p>\n<p><em>Ilgis- 42 cm\u00a0<\/em><\/p>\n<p><em>Pakabuko\u00a0 skersmuo -16 mm<\/em><\/p>\n<p><em>Rutuliukas pagamintas i\u0161\u00a0<strong> nat\u016bralaus gintaro<\/strong><\/em><\/p>\n<p><em>Tai puikus vienetinis papuo\u0161alas su kuriuo j\u016bs jausit\u0117s i\u0161skirtin\u0117 ir nepakartojama!<\/em><\/p>\n<p><em>Prek\u0117s vaizdas nuotraukose gali\u00a0 \u0161iek tiek neatitikti\u00a0 realaus prek\u0117s\u00a0 vaizdo (spalvos ) su pateikta preki\u0173 kataloge<\/em><\/p>\n<p><em>Vaizdas gali skirtis d\u0117l nat\u016brali\u0173 gintaro \u017ealiavos skirtum\u0173\u00a0<\/em><\/p>\n","protected":false},"featured_media":31279,"comment_status":"open","ping_status":"closed","template":"","meta":[],"product_brand":[],"product_cat":[1536],"product_tag":[1911,1764],"class_list":{"0":"post-31278","1":"product","2":"type-product","3":"status-publish","4":"has-post-thumbnail","6":"product_cat-pendants","7":"product_tag-dirbinis-is-gintaro","8":"product_tag-gintaro-pakabukas","10":"first","11":"instock","12":"sold-individually","13":"shipping-taxable","14":"purchasable","15":"product-type-simple"},"_links":{"self":[{"href":"https:\/\/amberlita.lt\/en\/wp-json\/wp\/v2\/product\/31278","targetHints":{"allow":["GET"]}}],"collection":[{"href":"https:\/\/amberlita.lt\/en\/wp-json\/wp\/v2\/product"}],"about":[{"href":"https:\/\/amberlita.lt\/en\/wp-json\/wp\/v2\/types\/product"}],"replies":[{"embeddable":true,"href":"https:\/\/amberlita.lt\/en\/wp-json\/wp\/v2\/comments?post=31278"}],"wp:featuredmedia":[{"embeddable":true,"href":"https:\/\/amberlita.lt\/en\/wp-json\/wp\/v2\/media\/31279"}],"wp:attachment":[{"href":"https:\/\/amberlita.lt\/en\/wp-json\/wp\/v2\/media?parent=31278"}],"wp:term":[{"taxonomy":"product_brand","embeddable":true,"href":"https:\/\/amberlita.lt\/en\/wp-json\/wp\/v2\/product_brand?post=31278"},{"taxonomy":"product_cat","embeddable":true,"href":"https:\/\/amberlita.lt\/en\/wp-json\/wp\/v2\/product_cat?post=31278"},{"taxonomy":"product_tag","embeddable":true,"href":"https:\/\/amberlita.lt\/en\/wp-json\/wp\/v2\/product_tag?post=31278"}],"curies":[{"name":"wp","href":"https:\/\/api.w.org\/{rel}","templated":true}]}}