{"id":31286,"date":"2020-09-10T13:49:28","date_gmt":"2020-09-10T10:49:28","guid":{"rendered":"https:\/\/amberlita.lt\/product\/gintaro-rinkinys-kvadratai-copy\/"},"modified":"2026-01-28T11:40:36","modified_gmt":"2026-01-28T11:40:36","slug":"gintaro-rinkinys-kvadratai-copy","status":"publish","type":"product","link":"https:\/\/amberlita.lt\/en\/product\/gintaro-rinkinys-kvadratai-copy\/","title":{"rendered":"Amber bracelet &#8220;Squares&#8221;"},"content":{"rendered":"","protected":false},"excerpt":{"rendered":"<p><em>Ilgis-19 cm<\/em><\/p>\n<p><em>Apyrank\u0117s svoris -5.6\u00a0 g<\/em><\/p>\n<p><em>Gintaro dydis &#8211; 8- 10 mm<\/em><\/p>\n<p><em>Spalva- geltona, konjakas<\/em><\/p>\n<p><em>Suverta ant kabelio su sidabrin\u0117mis\u00a0 detal\u0117mis<\/em><\/p>\n<p><em>Rinkinys parduodamas gra\u017eioje d\u0117\u017eut\u0117je!!<\/em><\/p>\n<p><em>Prek\u0117s vaizdas nuotraukose gali\u00a0 \u0161iek tiek neatitikti\u00a0 realaus prek\u0117s\u00a0 vaizdo (spalvos )su pateikta preki\u0173 kataloge.<\/em><\/p>\n<p><em>Vaizdas gali skirtis d\u0117l nat\u016brali\u0173 gintaro \u017ealiavos skirtum\u0173<\/em><\/p>\n<p>&nbsp;<\/p>\n<p>&nbsp;<\/p>\n","protected":false},"featured_media":31287,"comment_status":"open","ping_status":"closed","template":"","meta":[],"product_brand":[],"product_cat":[1530],"product_tag":[1758,1759,1951],"class_list":{"0":"post-31286","1":"product","2":"type-product","3":"status-publish","4":"has-post-thumbnail","6":"product_cat-bracelets","7":"product_tag-apyranke-2","8":"product_tag-apyrankes-2","9":"product_tag-gintaro-apyranke","11":"first","12":"instock","13":"shipping-taxable","14":"purchasable","15":"product-type-simple"},"_links":{"self":[{"href":"https:\/\/amberlita.lt\/en\/wp-json\/wp\/v2\/product\/31286","targetHints":{"allow":["GET"]}}],"collection":[{"href":"https:\/\/amberlita.lt\/en\/wp-json\/wp\/v2\/product"}],"about":[{"href":"https:\/\/amberlita.lt\/en\/wp-json\/wp\/v2\/types\/product"}],"replies":[{"embeddable":true,"href":"https:\/\/amberlita.lt\/en\/wp-json\/wp\/v2\/comments?post=31286"}],"wp:featuredmedia":[{"embeddable":true,"href":"https:\/\/amberlita.lt\/en\/wp-json\/wp\/v2\/media\/31287"}],"wp:attachment":[{"href":"https:\/\/amberlita.lt\/en\/wp-json\/wp\/v2\/media?parent=31286"}],"wp:term":[{"taxonomy":"product_brand","embeddable":true,"href":"https:\/\/amberlita.lt\/en\/wp-json\/wp\/v2\/product_brand?post=31286"},{"taxonomy":"product_cat","embeddable":true,"href":"https:\/\/amberlita.lt\/en\/wp-json\/wp\/v2\/product_cat?post=31286"},{"taxonomy":"product_tag","embeddable":true,"href":"https:\/\/amberlita.lt\/en\/wp-json\/wp\/v2\/product_tag?post=31286"}],"curies":[{"name":"wp","href":"https:\/\/api.w.org\/{rel}","templated":true}]}}