{"id":31299,"date":"2023-03-09T11:45:08","date_gmt":"2023-03-09T09:45:08","guid":{"rendered":"https:\/\/amberlita.lt\/product\/madinga-gintaro-apyranke\/"},"modified":"2026-01-28T12:16:51","modified_gmt":"2026-01-28T12:16:51","slug":"madinga-gintaro-apyranke","status":"publish","type":"product","link":"https:\/\/amberlita.lt\/en\/product\/madinga-gintaro-apyranke\/","title":{"rendered":"Madinga gintaro apyrank\u0117"},"content":{"rendered":"","protected":false},"excerpt":{"rendered":"<p><em>Ilgis &#8211; 20 cm<\/em><\/p>\n<p><em>Svoris &#8211; 11 g<\/em><\/p>\n<p><em>Gintaro spalva &#8211; geltona<\/em><\/p>\n<p><em>\u0160i moderni apyrank\u0117 sukurta i\u0161 juodos odos, nat\u016bralaus Baltijos gintaro ir hematito<\/em><\/p>\n<p>&nbsp;<\/p>\n","protected":false},"featured_media":31302,"comment_status":"open","ping_status":"closed","template":"","meta":[],"product_brand":[],"product_cat":[1530],"product_tag":[1758,1759,1849,2133],"class_list":{"0":"post-31299","1":"product","2":"type-product","3":"status-publish","4":"has-post-thumbnail","6":"product_cat-bracelets","7":"product_tag-apyranke-2","8":"product_tag-apyrankes-2","9":"product_tag-baltijos-gintaro-papuosalai","10":"product_tag-madinga-gintaro-apyranke","12":"first","13":"instock","14":"sale","15":"sold-individually","16":"shipping-taxable","17":"purchasable","18":"product-type-simple"},"_links":{"self":[{"href":"https:\/\/amberlita.lt\/en\/wp-json\/wp\/v2\/product\/31299","targetHints":{"allow":["GET"]}}],"collection":[{"href":"https:\/\/amberlita.lt\/en\/wp-json\/wp\/v2\/product"}],"about":[{"href":"https:\/\/amberlita.lt\/en\/wp-json\/wp\/v2\/types\/product"}],"replies":[{"embeddable":true,"href":"https:\/\/amberlita.lt\/en\/wp-json\/wp\/v2\/comments?post=31299"}],"wp:featuredmedia":[{"embeddable":true,"href":"https:\/\/amberlita.lt\/en\/wp-json\/wp\/v2\/media\/31302"}],"wp:attachment":[{"href":"https:\/\/amberlita.lt\/en\/wp-json\/wp\/v2\/media?parent=31299"}],"wp:term":[{"taxonomy":"product_brand","embeddable":true,"href":"https:\/\/amberlita.lt\/en\/wp-json\/wp\/v2\/product_brand?post=31299"},{"taxonomy":"product_cat","embeddable":true,"href":"https:\/\/amberlita.lt\/en\/wp-json\/wp\/v2\/product_cat?post=31299"},{"taxonomy":"product_tag","embeddable":true,"href":"https:\/\/amberlita.lt\/en\/wp-json\/wp\/v2\/product_tag?post=31299"}],"curies":[{"name":"wp","href":"https:\/\/api.w.org\/{rel}","templated":true}]}}