{"id":31355,"date":"2019-10-26T15:28:03","date_gmt":"2019-10-26T12:28:03","guid":{"rendered":"https:\/\/amberlita.lt\/product\/gintariniai-karoliai-15\/"},"modified":"2026-02-02T12:10:45","modified_gmt":"2026-02-02T12:10:45","slug":"gintariniai-karoliai-15","status":"publish","type":"product","link":"https:\/\/amberlita.lt\/en\/product\/gintariniai-karoliai-15\/","title":{"rendered":"Natural Baltic amber necklace"},"content":{"rendered":"","protected":false},"excerpt":{"rendered":"<p><em>Svoris-36 g<\/em><\/p>\n<p><em>Ilgis-46 cm<\/em><\/p>\n<p><em>Spalva- geltona,vy\u0161nin\u0117<\/em><\/p>\n<p><em>U\u017esegimas- u\u017esukamas<\/em><\/p>\n<p><em>Prek\u0117s vaizdo nuotraukose gali\u00a0 tiek neatitikti\u00a0 realaus prek\u0117s\u00a0vaizdo (spalvos ) su pateikta preki\u0173 kataloge.<\/em><\/p>\n<p><em>Vaizdas gali skirtis d\u0117l nat\u016brali\u0173 gintaro \u017ealiavos skirtum\u0173 .<\/em><\/p>\n","protected":false},"featured_media":31356,"comment_status":"open","ping_status":"closed","template":"","meta":[],"product_brand":[],"product_cat":[1534],"product_tag":[1638,1892,1893],"class_list":{"0":"post-31355","1":"product","2":"type-product","3":"status-publish","4":"has-post-thumbnail","6":"product_cat-necklaces","7":"product_tag-baltijos-gintaro-gaminiai","8":"product_tag-gintariniai-papuosalai","9":"product_tag-naturalus-gintariniai-karoliai","11":"first","12":"instock","13":"shipping-taxable","14":"purchasable","15":"product-type-simple"},"_links":{"self":[{"href":"https:\/\/amberlita.lt\/en\/wp-json\/wp\/v2\/product\/31355","targetHints":{"allow":["GET"]}}],"collection":[{"href":"https:\/\/amberlita.lt\/en\/wp-json\/wp\/v2\/product"}],"about":[{"href":"https:\/\/amberlita.lt\/en\/wp-json\/wp\/v2\/types\/product"}],"replies":[{"embeddable":true,"href":"https:\/\/amberlita.lt\/en\/wp-json\/wp\/v2\/comments?post=31355"}],"wp:featuredmedia":[{"embeddable":true,"href":"https:\/\/amberlita.lt\/en\/wp-json\/wp\/v2\/media\/31356"}],"wp:attachment":[{"href":"https:\/\/amberlita.lt\/en\/wp-json\/wp\/v2\/media?parent=31355"}],"wp:term":[{"taxonomy":"product_brand","embeddable":true,"href":"https:\/\/amberlita.lt\/en\/wp-json\/wp\/v2\/product_brand?post=31355"},{"taxonomy":"product_cat","embeddable":true,"href":"https:\/\/amberlita.lt\/en\/wp-json\/wp\/v2\/product_cat?post=31355"},{"taxonomy":"product_tag","embeddable":true,"href":"https:\/\/amberlita.lt\/en\/wp-json\/wp\/v2\/product_tag?post=31355"}],"curies":[{"name":"wp","href":"https:\/\/api.w.org\/{rel}","templated":true}]}}