{"id":31408,"date":"2021-10-13T13:03:51","date_gmt":"2021-10-13T10:03:51","guid":{"rendered":"https:\/\/amberlita.lt\/product\/vaikiski-gintaro-daugiaspalvis-karoliai-copy\/"},"modified":"2026-02-04T15:36:23","modified_gmt":"2026-02-04T15:36:23","slug":"vaikiski-gintaro-daugiaspalvis-karoliai-copy","status":"publish","type":"product","link":"https:\/\/amberlita.lt\/en\/product\/vaikiski-gintaro-daugiaspalvis-karoliai-copy\/","title":{"rendered":"Baltic amber necklace for children"},"content":{"rendered":"","protected":false},"excerpt":{"rendered":"<p><em>Ilgis- 34 cm<\/em><\/p>\n<p><em>Svoris- 6,7 g<\/em><\/p>\n<p><em>Spalva-ruda, juoda<\/em><\/p>\n<p><em>U\u017esegimas- u\u017esukamas, suverta ant \u0161ilkinio si\u016blo su mazgiukais<\/em><\/p>\n<p><em>Moksliniai tyrimai ne kart\u0105 patvirtino, kad gintaras turi baktericidini\u0173, prie\u0161u\u017edegimini\u0173, regeneruojan\u010di\u0173, antioksidacini\u0173, dr\u0117kinam\u0173j\u0173 \u00a0s\u0105vybi\u0173. Gintaras turi puik\u0173 terapin\u012f poveik\u012f- ramina \u0161iai sistemai, mal\u0161ina skausmus,gerinatak\u0105, stiprina imunitet\u0105.Tik\u0117tina,jog gintaras ne\u0161iojamas ant kaklo, apsaugotas nuo gerkl\u0117s lig\u0173.Karolius nuo seno ne\u0161iojamasis baras arba skydliauk\u0117s problem\u0173.<\/em><\/p>\n<p><em>Norint u\u017etikrinti, kad reikia ar vaiku\u010dio saugum\u0105 karoli yra veriami ant labai tvirtos virvut\u0117s, kuri atlaiko tinkam\u0105. Kiekvienas gintaro karoliukas yra atskirtas mazgeliu, taip numatyta vaikelio saugumui.Jeigu taip atsitiktu, kad sutraukiu v\u0117rin\u012f, mazgeliai neleist\u0173 karoliukams i\u0161byr\u0117ti visiems, \u0161iuo atveju i\u0161krist\u0173 tik vienas.<\/em><\/p>\n<p><em>Be to, \u0161iuolaikiniai gintaro papuo\u0161alai labai gra\u017e\u016bs ir patog\u016bs!<\/em><\/p>\n<p><em>\u012esp\u0117jimai ir persp\u0117jimai:<\/em><\/p>\n<p><em>&#8211; Gintarinius karolius reikia nuimti, kai k\u016bdikis miega ar yra be prie\u017ei\u016bros!<\/em><\/p>\n<p><em>&#8211; Gintariniai karoliai yra skirti ne\u0161ioti, o ne kramtyti!<\/em><\/p>\n<p><em>&#8211; N atsarginius karolius, b\u016bkite ir pri\u017ei\u016br\u0117kit savo k\u016bdik\u012f!<\/em><\/p>\n<p><em>Negalime prisiimti jokios atsakomyb\u0117s u\u017e \u0161io v\u0117rinio ne\u0161iojim\u0105!<\/em><\/p>\n","protected":false},"featured_media":31409,"comment_status":"open","ping_status":"closed","template":"","meta":[],"product_brand":[],"product_cat":[1541],"product_tag":[1785,1808],"class_list":{"0":"post-31408","1":"product","2":"type-product","3":"status-publish","4":"has-post-thumbnail","6":"product_cat-for-children","7":"product_tag-vaikiski-gintaro-karoliai","8":"product_tag-vaikiski-karoliai","10":"first","11":"instock","12":"sold-individually","13":"shipping-taxable","14":"purchasable","15":"product-type-simple"},"_links":{"self":[{"href":"https:\/\/amberlita.lt\/en\/wp-json\/wp\/v2\/product\/31408","targetHints":{"allow":["GET"]}}],"collection":[{"href":"https:\/\/amberlita.lt\/en\/wp-json\/wp\/v2\/product"}],"about":[{"href":"https:\/\/amberlita.lt\/en\/wp-json\/wp\/v2\/types\/product"}],"replies":[{"embeddable":true,"href":"https:\/\/amberlita.lt\/en\/wp-json\/wp\/v2\/comments?post=31408"}],"wp:featuredmedia":[{"embeddable":true,"href":"https:\/\/amberlita.lt\/en\/wp-json\/wp\/v2\/media\/31409"}],"wp:attachment":[{"href":"https:\/\/amberlita.lt\/en\/wp-json\/wp\/v2\/media?parent=31408"}],"wp:term":[{"taxonomy":"product_brand","embeddable":true,"href":"https:\/\/amberlita.lt\/en\/wp-json\/wp\/v2\/product_brand?post=31408"},{"taxonomy":"product_cat","embeddable":true,"href":"https:\/\/amberlita.lt\/en\/wp-json\/wp\/v2\/product_cat?post=31408"},{"taxonomy":"product_tag","embeddable":true,"href":"https:\/\/amberlita.lt\/en\/wp-json\/wp\/v2\/product_tag?post=31408"}],"curies":[{"name":"wp","href":"https:\/\/api.w.org\/{rel}","templated":true}]}}